{"id":330,"date":"2025-05-18T17:14:13","date_gmt":"2025-05-18T17:14:13","guid":{"rendered":"http:\/\/chauthanhesl.edu.vn\/?post_type=product&#038;p=330"},"modified":"2025-09-25T11:00:15","modified_gmt":"2025-09-25T04:00:15","slug":"lop-movers-phat-trien-ky-nang-tieng-anh-nang-cao-cho-be-8-tuoi","status":"publish","type":"product","link":"https:\/\/chauthanhesl.edu.vn\/en\/khoa-hoc\/lop-movers-phat-trien-ky-nang-tieng-anh-nang-cao-cho-be-8-tuoi\/","title":{"rendered":"Movers Class: Developing Advanced English Skills for 8 Year Olds"},"content":{"rendered":"<div data-elementor-type=\"product-post\" data-elementor-id=\"330\" class=\"elementor elementor-330\" data-elementor-post-type=\"product\">\n\t\t\t\t<div class=\"elementor-element elementor-element-2f26dfa e-flex e-con-boxed e-con e-parent\" data-id=\"2f26dfa\" data-element_type=\"container\">\n\t\t\t\t\t<div class=\"e-con-inner\">\n\t\t\t\t<div class=\"elementor-element elementor-element-043140d elementor-widget elementor-widget-text-editor\" data-id=\"043140d\" data-element_type=\"widget\" data-widget_type=\"text-editor.default\">\n\t\t\t\t<div class=\"elementor-widget-container\">\n\t\t\t\t\t\t\t\t\t<p class=\"whitespace-normal\">The Movers course at Chau Thanh Foreign Language Center is for children under 8 years old, an important step after Starters in the Cambridge roadmap. The course helps children improve their English skills, expand their vocabulary and more complex grammar structures, and prepare for the Cambridge Movers certificate exam.<\/p><p class=\"whitespace-normal\"><strong>Course Objectives<\/strong><\/p><p class=\"whitespace-normal\">Improve your ability to understand and respond to more complex sentences with new tenses. Develop active communication and team-working skills. Practice reading longer texts and writing simple stories. Prepare for the international Cambridge Movers exam.<\/p><p class=\"whitespace-normal\"><strong>Learning content<\/strong><\/p><p class=\"whitespace-normal\">Listening &amp; Speaking Skills: Understand and respond to more difficult sentences with new tenses and richer topics. Tell short stories and describe objects and phenomena. Be proactive in communication, presentations, and working in pairs and groups. Continue to practice pronunciation and pronunciation.<\/p><p class=\"whitespace-normal\">Reading &amp; Writing Skills: Understand longer sentences and paragraphs with rich content. Write short stories and simple responses. Answer questions in complete sentences. Practice writing grammatically correct. Remember and write more vocabulary.<\/p><p class=\"whitespace-normal\"><strong>Teaching methods<\/strong><\/p><p class=\"whitespace-normal\">Apply interactive methods, combining learning and fun. Use language games, group activities, and small projects. Encourage children to use English in all classroom activities, creating an authentic language environment.<\/p><p class=\"whitespace-normal\"><strong>Outstanding features<\/strong><\/p><p class=\"whitespace-normal\">Small class sizes (maximum 12 children\/class) ensure teaching quality. Curriculum is designed based on Cambridge standards, suitable for the level and psychology of each age. Combines grammar learning with interesting practical activities. Modern technology supports intuitive and vivid learning.<\/p><p class=\"whitespace-normal\"><strong>Progress Assessment<\/strong><\/p><p class=\"whitespace-normal\">Regular tests to assess overall progress. Regular mock tests in the Cambridge Movers format. Detailed progress reports and learning recommendations for parents. New vocabulary and grammar tracker to help children review at home.<\/p><p class=\"whitespace-normal\"><strong>Special Offer<\/strong><\/p><p class=\"whitespace-normal\">Free placement test to determine current level. 2 free trial lessons for children and parents to experience the class. Cambridge study materials and workbooks included with the course.<\/p><p class=\"whitespace-normal\"><strong>Flexible schedule<\/strong><\/p><p class=\"whitespace-normal\">90 minute classes, 2-3 times\/week. Morning &amp; afternoon classes on weekdays. Weekend classes for busy parents.<\/p><p class=\"whitespace-normal\">Let Chau Thanh Foreign Language Center accompany your child during this important stage of English development, creating a solid foundation for the next steps in the Cambridge roadmap!<\/p>\t\t\t\t\t\t\t\t<\/div>\n\t\t\t\t<\/div>\n\t\t\t\t\t<\/div>\n\t\t\t\t<\/div>\n\t\t<div class=\"elementor-element elementor-element-975048e e-flex e-con-boxed e-con e-parent\" data-id=\"975048e\" data-element_type=\"container\">\n\t\t\t\t\t<div class=\"e-con-inner\">\n\t\t<div class=\"elementor-element elementor-element-69b5511 e-con-full e-flex e-con e-child\" data-id=\"69b5511\" data-element_type=\"container\">\n\t\t\t\t<div class=\"elementor-element elementor-element-aa0dcca elementor-widget elementor-widget-image\" data-id=\"aa0dcca\" data-element_type=\"widget\" data-widget_type=\"image.default\">\n\t\t\t\t<div class=\"elementor-widget-container\">\n\t\t\t\t\t\t\t\t\t\t\t\t\t\t\t<img fetchpriority=\"high\" decoding=\"async\" width=\"791\" height=\"1024\" src=\"https:\/\/chauthanhesl.edu.vn\/wp-content\/uploads\/2025\/05\/2.-Ke-hoach-chuong-trinh-tai-lieu-TTNN-Chau-Thanh-14-4-2025-hinh-anh-0-791x1024.jpg\" class=\"attachment-large size-large wp-image-1032\" alt=\"\" srcset=\"https:\/\/chauthanhesl.edu.vn\/wp-content\/uploads\/2025\/05\/2.-Ke-hoach-chuong-trinh-tai-lieu-TTNN-Chau-Thanh-14-4-2025-hinh-anh-0-791x1024.jpg 791w, https:\/\/chauthanhesl.edu.vn\/wp-content\/uploads\/2025\/05\/2.-Ke-hoach-chuong-trinh-tai-lieu-TTNN-Chau-Thanh-14-4-2025-hinh-anh-0-232x300.jpg 232w, https:\/\/chauthanhesl.edu.vn\/wp-content\/uploads\/2025\/05\/2.-Ke-hoach-chuong-trinh-tai-lieu-TTNN-Chau-Thanh-14-4-2025-hinh-anh-0-768x994.jpg 768w, https:\/\/chauthanhesl.edu.vn\/wp-content\/uploads\/2025\/05\/2.-Ke-hoach-chuong-trinh-tai-lieu-TTNN-Chau-Thanh-14-4-2025-hinh-anh-0-1187x1536.jpg 1187w, https:\/\/chauthanhesl.edu.vn\/wp-content\/uploads\/2025\/05\/2.-Ke-hoach-chuong-trinh-tai-lieu-TTNN-Chau-Thanh-14-4-2025-hinh-anh-0-1583x2048.jpg 1583w, https:\/\/chauthanhesl.edu.vn\/wp-content\/uploads\/2025\/05\/2.-Ke-hoach-chuong-trinh-tai-lieu-TTNN-Chau-Thanh-14-4-2025-hinh-anh-0-9x12.jpg 9w, https:\/\/chauthanhesl.edu.vn\/wp-content\/uploads\/2025\/05\/2.-Ke-hoach-chuong-trinh-tai-lieu-TTNN-Chau-Thanh-14-4-2025-hinh-anh-0-600x776.jpg 600w, https:\/\/chauthanhesl.edu.vn\/wp-content\/uploads\/2025\/05\/2.-Ke-hoach-chuong-trinh-tai-lieu-TTNN-Chau-Thanh-14-4-2025-hinh-anh-0-scaled.jpg 1978w\" sizes=\"(max-width: 791px) 100vw, 791px\" \/>\t\t\t\t\t\t\t\t\t\t\t\t\t\t\t<\/div>\n\t\t\t\t<\/div>\n\t\t\t\t<div class=\"elementor-element elementor-element-fb19c67 elementor-widget elementor-widget-heading\" data-id=\"fb19c67\" data-element_type=\"widget\" data-widget_type=\"heading.default\">\n\t\t\t\t<div class=\"elementor-widget-container\">\n\t\t\t\t\t<h4 class=\"elementor-heading-title elementor-size-default\">Chau Thanh TTNN curriculum distribution plan<\/h4>\t\t\t\t<\/div>\n\t\t\t\t<\/div>\n\t\t\t\t<div class=\"elementor-element elementor-element-8cad51b elementor-align-center elementor-widget elementor-widget-button\" data-id=\"8cad51b\" data-element_type=\"widget\" data-widget_type=\"button.default\">\n\t\t\t\t<div class=\"elementor-widget-container\">\n\t\t\t\t\t\t\t\t\t<div class=\"elementor-button-wrapper\">\n\t\t\t\t\t<a class=\"elementor-button elementor-button-link elementor-size-md\" href=\"https:\/\/drive.google.com\/file\/d\/1DcXRRz-jBMTzLDs74RMRtPsLinB0njsC\/view?usp=sharing\">\n\t\t\t\t\t\t<span class=\"elementor-button-content-wrapper\">\n\t\t\t\t\t\t\t\t\t<span class=\"elementor-button-text\">SEE DETAILS<\/span>\n\t\t\t\t\t<\/span>\n\t\t\t\t\t<\/a>\n\t\t\t\t<\/div>\n\t\t\t\t\t\t\t\t<\/div>\n\t\t\t\t<\/div>\n\t\t\t\t<\/div>\n\t\t\t\t\t<\/div>\n\t\t\t\t<\/div>\n\t\t\t\t<\/div>","protected":false},"excerpt":{"rendered":"<p>Kh\u00f3a h\u1ecdc Movers t\u1ea1i Trung t\u00e2m Ngo\u1ea1i ng\u1eef Ch\u00e2u Thanh d\u00e0nh cho c\u00e1c b\u00e9 tr\u00ean d\u01b0\u1edbi 8 tu\u1ed5i, l\u00e0 b\u01b0\u1edbc ti\u1ebfn quan tr\u1ecdng sau Starters trong l\u1ed9 tr\u00ecnh Cambridge. Kh\u00f3a h\u1ecdc gi\u00fap b\u00e9 n\u00e2ng cao k\u1ef9 n\u0103ng ti\u1ebfng Anh, m\u1edf r\u1ed9ng v\u1ed1n t\u1eeb v\u1ef1ng v\u00e0 c\u1ea5u tr\u00fac ng\u1eef ph\u00e1p ph\u1ee9c t\u1ea1p h\u01a1n, \u0111\u1ed3ng th\u1eddi chu\u1ea9n &#8230; <a title=\"Movers Class: Developing Advanced English Skills for 8 Year Olds\" class=\"read-more\" href=\"https:\/\/chauthanhesl.edu.vn\/en\/khoa-hoc\/lop-movers-phat-trien-ky-nang-tieng-anh-nang-cao-cho-be-8-tuoi\/\" aria-label=\"Read more about Movers Class: Developing advanced English skills for 8-year-olds\">Read more<\/a><\/p>","protected":false},"featured_media":495,"comment_status":"open","ping_status":"closed","template":"","meta":{"_acf_changed":false},"product_brand":[],"product_cat":[29],"product_tag":[],"class_list":{"0":"post-330","1":"product","2":"type-product","3":"status-publish","4":"has-post-thumbnail","6":"product_cat-tieng-anh-mam-non-tieu-hoc","8":"first","9":"instock","10":"taxable","11":"shipping-taxable","12":"product-type-simple"},"acf":[],"_links":{"self":[{"href":"https:\/\/chauthanhesl.edu.vn\/en\/wp-json\/wp\/v2\/product\/330","targetHints":{"allow":["GET"]}}],"collection":[{"href":"https:\/\/chauthanhesl.edu.vn\/en\/wp-json\/wp\/v2\/product"}],"about":[{"href":"https:\/\/chauthanhesl.edu.vn\/en\/wp-json\/wp\/v2\/types\/product"}],"replies":[{"embeddable":true,"href":"https:\/\/chauthanhesl.edu.vn\/en\/wp-json\/wp\/v2\/comments?post=330"}],"version-history":[{"count":11,"href":"https:\/\/chauthanhesl.edu.vn\/en\/wp-json\/wp\/v2\/product\/330\/revisions"}],"predecessor-version":[{"id":1038,"href":"https:\/\/chauthanhesl.edu.vn\/en\/wp-json\/wp\/v2\/product\/330\/revisions\/1038"}],"wp:featuredmedia":[{"embeddable":true,"href":"https:\/\/chauthanhesl.edu.vn\/en\/wp-json\/wp\/v2\/media\/495"}],"wp:attachment":[{"href":"https:\/\/chauthanhesl.edu.vn\/en\/wp-json\/wp\/v2\/media?parent=330"}],"wp:term":[{"taxonomy":"product_brand","embeddable":true,"href":"https:\/\/chauthanhesl.edu.vn\/en\/wp-json\/wp\/v2\/product_brand?post=330"},{"taxonomy":"product_cat","embeddable":true,"href":"https:\/\/chauthanhesl.edu.vn\/en\/wp-json\/wp\/v2\/product_cat?post=330"},{"taxonomy":"product_tag","embeddable":true,"href":"https:\/\/chauthanhesl.edu.vn\/en\/wp-json\/wp\/v2\/product_tag?post=330"}],"curies":[{"name":"wp","href":"https:\/\/api.w.org\/{rel}","templated":true}]}}